{"id":48,"date":"2026-04-22T21:36:28","date_gmt":"2026-04-22T21:36:28","guid":{"rendered":"https:\/\/bonheursurmesure.fr\/?page_id=48"},"modified":"2026-04-22T22:38:08","modified_gmt":"2026-04-22T22:38:08","slug":"art-de-la-table","status":"publish","type":"page","link":"https:\/\/bonheursurmesure.fr\/index.php\/art-de-la-table\/","title":{"rendered":"Art de la table"},"content":{"rendered":"\n<p class=\"has-medium-font-size\">Au c\u0153ur de chaque \u00e9v\u00e9nement, l\u2019<strong>art de la table<\/strong> joue un r\u00f4le essentiel. Plus qu\u2019une simple mise en place, il refl\u00e8te le raffinement et l\u2019ambiance que vous souhaitez offrir \u00e0 vos invit\u00e9s. Vases, soliflores, bougeoirs et chandeliers apportent \u00e9l\u00e9gance et harmonie, transformant une table en un v\u00e9ritable d\u00e9cor.<\/p>\n\n\n\n<p class=\"has-medium-font-size\">Ces petits d\u00e9tails, soigneusement choisis, cr\u00e9ent une atmosph\u00e8re chaleureuse et unique, o\u00f9 chaque convive se sent privil\u00e9gi\u00e9. <\/p>\n\n\n\n<p class=\"has-medium-font-size\">L\u2019<strong>art de la table<\/strong>, c\u2019est l\u2019art de sublimer vos moments pr\u00e9cieux et de donner \u00e0 vos r\u00e9ceptions une touche inoubliable.<\/p>\n\n\n\n<div class=\"wp-block-columns is-layout-flex wp-container-core-columns-is-layout-9d6595d7 wp-block-columns-is-layout-flex\">\n<div class=\"wp-block-column is-layout-flow wp-block-column-is-layout-flow\" style=\"flex-basis:100%\">\n<div class=\"wp-block-columns is-layout-flex wp-container-core-columns-is-layout-9d6595d7 wp-block-columns-is-layout-flex\">\n<div class=\"wp-block-column is-layout-flow wp-block-column-is-layout-flow\">\n<figure class=\"wp-block-image size-large\"><img loading=\"lazy\" decoding=\"async\" width=\"683\" height=\"1024\" src=\"http:\/\/bonheursurmesure.fr\/wp-content\/uploads\/2026\/04\/inspiration-2-1-683x1024.jpg\" alt=\"\" class=\"wp-image-80\" srcset=\"https:\/\/bonheursurmesure.fr\/wp-content\/uploads\/2026\/04\/inspiration-2-1-683x1024.jpg 683w, https:\/\/bonheursurmesure.fr\/wp-content\/uploads\/2026\/04\/inspiration-2-1-200x300.jpg 200w, https:\/\/bonheursurmesure.fr\/wp-content\/uploads\/2026\/04\/inspiration-2-1-768x1152.jpg 768w, https:\/\/bonheursurmesure.fr\/wp-content\/uploads\/2026\/04\/inspiration-2-1.jpg 1024w\" sizes=\"auto, (max-width: 683px) 100vw, 683px\" \/><\/figure>\n<\/div>\n\n\n\n<div class=\"wp-block-column is-layout-flow wp-block-column-is-layout-flow\">\n<figure class=\"wp-block-image size-large\"><img loading=\"lazy\" decoding=\"async\" width=\"683\" height=\"1024\" src=\"http:\/\/bonheursurmesure.fr\/wp-content\/uploads\/2026\/04\/inspiration-5-683x1024.jpg\" alt=\"\" class=\"wp-image-81\" srcset=\"https:\/\/bonheursurmesure.fr\/wp-content\/uploads\/2026\/04\/inspiration-5-683x1024.jpg 683w, https:\/\/bonheursurmesure.fr\/wp-content\/uploads\/2026\/04\/inspiration-5-200x300.jpg 200w, https:\/\/bonheursurmesure.fr\/wp-content\/uploads\/2026\/04\/inspiration-5-768x1152.jpg 768w, https:\/\/bonheursurmesure.fr\/wp-content\/uploads\/2026\/04\/inspiration-5-1024x1536.jpg 1024w, https:\/\/bonheursurmesure.fr\/wp-content\/uploads\/2026\/04\/inspiration-5.jpg 1168w\" sizes=\"auto, (max-width: 683px) 100vw, 683px\" \/><\/figure>\n<\/div>\n<\/div>\n<\/div>\n<\/div>\n\n\n\n<div class=\"wp-block-buttons is-content-justification-center is-layout-flex wp-container-core-buttons-is-layout-16018d1d wp-block-buttons-is-layout-flex\">\n<div class=\"wp-block-button is-style-primary\"><a class=\"wp-block-button__link has-medium-font-size has-custom-font-size wp-element-button\" style=\"border-style:none;border-width:0px;border-top-left-radius:12px;border-top-right-radius:12px;border-bottom-left-radius:12px;border-bottom-right-radius:12px;padding-top:var(--wp--preset--spacing--40);padding-right:var(--wp--preset--spacing--50);padding-bottom:var(--wp--preset--spacing--40);padding-left:var(--wp--preset--spacing--50)\">DECOUVREZ NOTRE SELECTION<\/a><\/div>\n<\/div>\n\n\n\n<div style=\"height:100px\" aria-hidden=\"true\" class=\"wp-block-spacer\"><\/div>\n\n\n\n<p><\/p>\n","protected":false},"excerpt":{"rendered":"<p>Au c\u0153ur de chaque \u00e9v\u00e9nement, l\u2019art de la table joue un r\u00f4le essentiel. Plus qu\u2019une simple mise en place, il refl\u00e8te le raffinement et l\u2019ambiance que vous souhaitez offrir \u00e0 vos invit\u00e9s. Vases, soliflores, bougeoirs et chandeliers apportent \u00e9l\u00e9gance et harmonie, transformant une table en un v\u00e9ritable d\u00e9cor. Ces petits d\u00e9tails, soigneusement choisis, cr\u00e9ent une&hellip;&nbsp;<\/p>\n","protected":false},"author":1,"featured_media":81,"parent":0,"menu_order":0,"comment_status":"closed","ping_status":"closed","template":"","meta":{"neve_meta_sidebar":"default","neve_meta_container":"default","neve_meta_enable_content_width":"","neve_meta_content_width":70,"neve_meta_title_alignment":"center","neve_meta_author_avatar":"","neve_post_elements_order":"","neve_meta_disable_header":"","neve_meta_disable_footer":"","neve_meta_disable_title":"","footnotes":""},"class_list":["post-48","page","type-page","status-publish","has-post-thumbnail","hentry"],"_links":{"self":[{"href":"https:\/\/bonheursurmesure.fr\/index.php\/wp-json\/wp\/v2\/pages\/48","targetHints":{"allow":["GET"]}}],"collection":[{"href":"https:\/\/bonheursurmesure.fr\/index.php\/wp-json\/wp\/v2\/pages"}],"about":[{"href":"https:\/\/bonheursurmesure.fr\/index.php\/wp-json\/wp\/v2\/types\/page"}],"author":[{"embeddable":true,"href":"https:\/\/bonheursurmesure.fr\/index.php\/wp-json\/wp\/v2\/users\/1"}],"replies":[{"embeddable":true,"href":"https:\/\/bonheursurmesure.fr\/index.php\/wp-json\/wp\/v2\/comments?post=48"}],"version-history":[{"count":6,"href":"https:\/\/bonheursurmesure.fr\/index.php\/wp-json\/wp\/v2\/pages\/48\/revisions"}],"predecessor-version":[{"id":108,"href":"https:\/\/bonheursurmesure.fr\/index.php\/wp-json\/wp\/v2\/pages\/48\/revisions\/108"}],"wp:featuredmedia":[{"embeddable":true,"href":"https:\/\/bonheursurmesure.fr\/index.php\/wp-json\/wp\/v2\/media\/81"}],"wp:attachment":[{"href":"https:\/\/bonheursurmesure.fr\/index.php\/wp-json\/wp\/v2\/media?parent=48"}],"curies":[{"name":"wp","href":"https:\/\/api.w.org\/{rel}","templated":true}]}}